{"id":6068,"date":"2022-06-20T10:45:26","date_gmt":"2022-06-20T15:45:26","guid":{"rendered":"https:\/\/www.u1bb.com\/about-us\/"},"modified":"2024-05-30T15:11:53","modified_gmt":"2024-05-30T20:11:53","slug":"about-us","status":"publish","type":"page","link":"https:\/\/www.u1bb.com\/es\/about-us\/","title":{"rendered":"Acerca de nosotros"},"content":{"rendered":"<p>En United One Insurance estamos orgullosos de nuestro compromiso con un servicio al cliente excepcional, transparencia e integridad. Nuestro objetivo es construir relaciones duraderas con nuestros clientes, asegur\u00e1ndonos de que tengan la tranquilidad de saber que est\u00e1n completamente protegidos.<\/p>\n<p>Experimente la diferencia de United One hoy. Cont\u00e1ctenos para programar una consulta y perm\u00edtanos ayudarlo a encontrar la soluci\u00f3n de seguro perfecta para sus necesidades espec\u00edficas.<\/p>\n","protected":false},"excerpt":{"rendered":"<p>En United One Insurance estamos orgullosos de nuestro compromiso con un servicio al cliente excepcional, transparencia e integridad. Nuestro objetivo es construir relaciones duraderas con nuestros clientes, asegur\u00e1ndonos de que tengan la tranquilidad de saber que est\u00e1n completamente protegidos. Experimente la diferencia de United One hoy. Cont\u00e1ctenos para programar una consulta y perm\u00edtanos ayudarlo a [&hellip;]<\/p>\n","protected":false},"author":35,"featured_media":0,"parent":0,"menu_order":0,"comment_status":"closed","ping_status":"closed","template":"","meta":{"_acf_changed":false,"_seopress_robots_primary_cat":null,"_seopress_titles_title":"","_seopress_titles_desc":"","_seopress_robots_index":"","_analytify_skip_tracking":false,"footnotes":""},"class_list":["post-6068","page","type-page","status-publish","hentry"],"acf":[],"_links":{"self":[{"href":"https:\/\/www.u1bb.com\/es\/wp-json\/wp\/v2\/pages\/6068","targetHints":{"allow":["GET"]}}],"collection":[{"href":"https:\/\/www.u1bb.com\/es\/wp-json\/wp\/v2\/pages"}],"about":[{"href":"https:\/\/www.u1bb.com\/es\/wp-json\/wp\/v2\/types\/page"}],"author":[{"embeddable":true,"href":"https:\/\/www.u1bb.com\/es\/wp-json\/wp\/v2\/users\/35"}],"replies":[{"embeddable":true,"href":"https:\/\/www.u1bb.com\/es\/wp-json\/wp\/v2\/comments?post=6068"}],"version-history":[{"count":0,"href":"https:\/\/www.u1bb.com\/es\/wp-json\/wp\/v2\/pages\/6068\/revisions"}],"wp:attachment":[{"href":"https:\/\/www.u1bb.com\/es\/wp-json\/wp\/v2\/media?parent=6068"}],"curies":[{"name":"wp","href":"https:\/\/api.w.org\/{rel}","templated":true}]}}